{"id":2757,"date":"2024-08-24T00:18:56","date_gmt":"2024-08-24T00:18:56","guid":{"rendered":"https:\/\/augustinqueval.com\/?page_id=2757"},"modified":"2025-01-07T13:32:50","modified_gmt":"2025-01-07T13:32:50","slug":"seinerose","status":"publish","type":"page","link":"https:\/\/augustinqueval.com\/index.php\/seinerose\/","title":{"rendered":"seinerose"},"content":{"rendered":"\t\t<div data-elementor-type=\"wp-page\" data-elementor-id=\"2757\" class=\"elementor elementor-2757\">\n\t\t\t\t\t\t<section class=\"elementor-section elementor-top-section elementor-element elementor-element-374bb5d elementor-section-boxed elementor-section-height-default elementor-section-height-default\" data-id=\"374bb5d\" data-element_type=\"section\" data-settings=\"{&quot;background_background&quot;:&quot;classic&quot;}\">\n\t\t\t\t\t\t<div class=\"elementor-container elementor-column-gap-default\">\n\t\t\t\t\t<div class=\"elementor-column elementor-col-100 elementor-top-column elementor-element elementor-element-087adb2\" data-id=\"087adb2\" data-element_type=\"column\">\n\t\t\t<div class=\"elementor-widget-wrap elementor-element-populated\">\n\t\t\t\t\t\t<div class=\"elementor-element elementor-element-a036933 elementor-widget elementor-widget-spacer\" data-id=\"a036933\" data-element_type=\"widget\" data-widget_type=\"spacer.default\">\n\t\t\t\t<div class=\"elementor-widget-container\">\n\t\t\t\t\t\t\t<div class=\"elementor-spacer\">\n\t\t\t<div class=\"elementor-spacer-inner\"><\/div>\n\t\t<\/div>\n\t\t\t\t\t\t<\/div>\n\t\t\t\t<\/div>\n\t\t\t\t\t<\/div>\n\t\t<\/div>\n\t\t\t\t\t<\/div>\n\t\t<\/section>\n\t\t\t\t<section class=\"elementor-section elementor-top-section elementor-element elementor-element-2e83887 elementor-section-boxed elementor-section-height-default elementor-section-height-default\" data-id=\"2e83887\" data-element_type=\"section\" data-settings=\"{&quot;background_background&quot;:&quot;classic&quot;}\">\n\t\t\t\t\t\t<div class=\"elementor-container elementor-column-gap-default\">\n\t\t\t\t\t<div class=\"elementor-column elementor-col-50 elementor-top-column elementor-element elementor-element-1ec4b4f\" data-id=\"1ec4b4f\" data-element_type=\"column\">\n\t\t\t<div class=\"elementor-widget-wrap elementor-element-populated\">\n\t\t\t\t\t\t<div class=\"elementor-element elementor-element-7fd1fb6 e-transform e-transform elementor-widget elementor-widget-image\" data-id=\"7fd1fb6\" data-element_type=\"widget\" data-settings=\"{&quot;_transform_rotateZ_effect&quot;:{&quot;unit&quot;:&quot;px&quot;,&quot;size&quot;:0,&quot;sizes&quot;:[]},&quot;_transform_rotateZ_effect_tablet&quot;:{&quot;unit&quot;:&quot;deg&quot;,&quot;size&quot;:&quot;&quot;,&quot;sizes&quot;:[]},&quot;_transform_rotateZ_effect_mobile&quot;:{&quot;unit&quot;:&quot;deg&quot;,&quot;size&quot;:&quot;&quot;,&quot;sizes&quot;:[]},&quot;_transform_translateX_effect&quot;:{&quot;unit&quot;:&quot;px&quot;,&quot;size&quot;:&quot;&quot;,&quot;sizes&quot;:[]},&quot;_transform_translateX_effect_tablet&quot;:{&quot;unit&quot;:&quot;px&quot;,&quot;size&quot;:&quot;&quot;,&quot;sizes&quot;:[]},&quot;_transform_translateX_effect_mobile&quot;:{&quot;unit&quot;:&quot;px&quot;,&quot;size&quot;:&quot;&quot;,&quot;sizes&quot;:[]},&quot;_transform_translateY_effect&quot;:{&quot;unit&quot;:&quot;px&quot;,&quot;size&quot;:&quot;&quot;,&quot;sizes&quot;:[]},&quot;_transform_translateY_effect_tablet&quot;:{&quot;unit&quot;:&quot;px&quot;,&quot;size&quot;:&quot;&quot;,&quot;sizes&quot;:[]},&quot;_transform_translateY_effect_mobile&quot;:{&quot;unit&quot;:&quot;px&quot;,&quot;size&quot;:&quot;&quot;,&quot;sizes&quot;:[]}}\" data-widget_type=\"image.default\">\n\t\t\t\t<div class=\"elementor-widget-container\">\n\t\t\t\t\t\t\t\t\t\t\t\t\t\t\t\t<a href=\"https:\/\/augustinqueval.com\/#work\">\n\t\t\t\t\t\t\t<img fetchpriority=\"high\" decoding=\"async\" width=\"577\" height=\"528\" src=\"https:\/\/augustinqueval.com\/wp-content\/uploads\/2022\/10\/Arrow-Jaune-Retour.png\" class=\"elementor-animation-grow attachment-full size-full wp-image-1264\" alt=\"\" srcset=\"https:\/\/augustinqueval.com\/wp-content\/uploads\/2022\/10\/Arrow-Jaune-Retour.png 577w, https:\/\/augustinqueval.com\/wp-content\/uploads\/2022\/10\/Arrow-Jaune-Retour-300x275.png 300w\" sizes=\"(max-width: 577px) 100vw, 577px\" \/>\t\t\t\t\t\t\t\t<\/a>\n\t\t\t\t\t\t\t\t\t\t\t\t\t\t\t<\/div>\n\t\t\t\t<\/div>\n\t\t\t\t\t<\/div>\n\t\t<\/div>\n\t\t\t\t<div class=\"elementor-column elementor-col-50 elementor-top-column elementor-element elementor-element-46131b6\" data-id=\"46131b6\" data-element_type=\"column\">\n\t\t\t<div class=\"elementor-widget-wrap elementor-element-populated\">\n\t\t\t\t\t\t<div class=\"elementor-element elementor-element-aefca98 elementor-widget elementor-widget-text-editor\" data-id=\"aefca98\" data-element_type=\"widget\" data-widget_type=\"text-editor.default\">\n\t\t\t\t<div class=\"elementor-widget-container\">\n\t\t\t\t\t\t\t\t\t<p><em>Seine Rose 2024 | <a href=\"#video\">Vid\u00e9o<\/a><\/em><\/p>\t\t\t\t\t\t\t\t<\/div>\n\t\t\t\t<\/div>\n\t\t\t\t\t<\/div>\n\t\t<\/div>\n\t\t\t\t\t<\/div>\n\t\t<\/section>\n\t\t\t\t<section class=\"elementor-section elementor-top-section elementor-element elementor-element-32e3d1f elementor-section-boxed elementor-section-height-default elementor-section-height-default\" data-id=\"32e3d1f\" data-element_type=\"section\" data-settings=\"{&quot;background_background&quot;:&quot;classic&quot;}\">\n\t\t\t\t\t\t<div class=\"elementor-container elementor-column-gap-default\">\n\t\t\t\t\t<div class=\"elementor-column elementor-col-100 elementor-top-column elementor-element elementor-element-f10fbb1\" data-id=\"f10fbb1\" data-element_type=\"column\">\n\t\t\t<div class=\"elementor-widget-wrap elementor-element-populated\">\n\t\t\t\t\t\t<div class=\"elementor-element elementor-element-67905d9 elementor-widget elementor-widget-menu-anchor\" data-id=\"67905d9\" data-element_type=\"widget\" data-widget_type=\"menu-anchor.default\">\n\t\t\t\t<div class=\"elementor-widget-container\">\n\t\t\t\t\t\t\t<div class=\"elementor-menu-anchor\" id=\"video\"><\/div>\n\t\t\t\t\t\t<\/div>\n\t\t\t\t<\/div>\n\t\t\t\t<div class=\"elementor-element elementor-element-0dbb562 elementor-widget elementor-widget-spacer\" data-id=\"0dbb562\" data-element_type=\"widget\" data-widget_type=\"spacer.default\">\n\t\t\t\t<div class=\"elementor-widget-container\">\n\t\t\t\t\t\t\t<div class=\"elementor-spacer\">\n\t\t\t<div class=\"elementor-spacer-inner\"><\/div>\n\t\t<\/div>\n\t\t\t\t\t\t<\/div>\n\t\t\t\t<\/div>\n\t\t\t\t<div class=\"elementor-element elementor-element-dd1f57e elementor-widget elementor-widget-video\" data-id=\"dd1f57e\" data-element_type=\"widget\" data-settings=\"{&quot;youtube_url&quot;:&quot;https:\\\/\\\/youtu.be\\\/JHWeBS8bWnY&quot;,&quot;video_type&quot;:&quot;youtube&quot;,&quot;controls&quot;:&quot;yes&quot;}\" data-widget_type=\"video.default\">\n\t\t\t\t<div class=\"elementor-widget-container\">\n\t\t\t\t\t\t\t<div class=\"elementor-wrapper elementor-open-inline\">\n\t\t\t<div class=\"elementor-video\"><\/div>\t\t<\/div>\n\t\t\t\t\t\t<\/div>\n\t\t\t\t<\/div>\n\t\t\t\t<div class=\"elementor-element elementor-element-fe00091 elementor-widget elementor-widget-spacer\" data-id=\"fe00091\" data-element_type=\"widget\" data-widget_type=\"spacer.default\">\n\t\t\t\t<div class=\"elementor-widget-container\">\n\t\t\t\t\t\t\t<div class=\"elementor-spacer\">\n\t\t\t<div class=\"elementor-spacer-inner\"><\/div>\n\t\t<\/div>\n\t\t\t\t\t\t<\/div>\n\t\t\t\t<\/div>\n\t\t\t\t<div class=\"elementor-element elementor-element-fd57855 elementor-widget elementor-widget-heading\" data-id=\"fd57855\" data-element_type=\"widget\" data-widget_type=\"heading.default\">\n\t\t\t\t<div class=\"elementor-widget-container\">\n\t\t\t\t\t<h1 class=\"elementor-heading-title elementor-size-large\">Cadrage \/ Montage \/ Vid\u00e9o<\/h1>\t\t\t\t<\/div>\n\t\t\t\t<\/div>\n\t\t\t\t<div class=\"elementor-element elementor-element-6899201 elementor-widget__width-initial elementor-widget elementor-widget-text-editor\" data-id=\"6899201\" data-element_type=\"widget\" data-widget_type=\"text-editor.default\">\n\t\t\t\t<div class=\"elementor-widget-container\">\n\t\t\t\t\t\t\t\t\t<p>Seine rose est une course organis\u00e9e dans le cadre de la lutte contre le cancer du seins. Cette premi\u00e8re \u00e9dition c&rsquo;est d\u00e9roul\u00e9 sur les quais de Rouen. L&rsquo;occasion pour moi de mettre services au service d&rsquo;une cause qui m\u00e9rite de la visibilit\u00e9.\u00a0<\/p>\t\t\t\t\t\t\t\t<\/div>\n\t\t\t\t<\/div>\n\t\t\t\t<div class=\"elementor-element elementor-element-d188617 elementor-widget elementor-widget-spacer\" data-id=\"d188617\" data-element_type=\"widget\" data-widget_type=\"spacer.default\">\n\t\t\t\t<div class=\"elementor-widget-container\">\n\t\t\t\t\t\t\t<div class=\"elementor-spacer\">\n\t\t\t<div class=\"elementor-spacer-inner\"><\/div>\n\t\t<\/div>\n\t\t\t\t\t\t<\/div>\n\t\t\t\t<\/div>\n\t\t\t\t\t<\/div>\n\t\t<\/div>\n\t\t\t\t\t<\/div>\n\t\t<\/section>\n\t\t\t\t<section class=\"elementor-section elementor-top-section elementor-element elementor-element-ef7104d elementor-section-boxed elementor-section-height-default elementor-section-height-default\" data-id=\"ef7104d\" data-element_type=\"section\" data-settings=\"{&quot;background_background&quot;:&quot;classic&quot;}\">\n\t\t\t\t\t\t<div class=\"elementor-container elementor-column-gap-default\">\n\t\t\t\t\t<div class=\"elementor-column elementor-col-33 elementor-top-column elementor-element elementor-element-65b7c2e\" data-id=\"65b7c2e\" data-element_type=\"column\">\n\t\t\t<div class=\"elementor-widget-wrap elementor-element-populated\">\n\t\t\t\t\t\t<div class=\"elementor-element elementor-element-0a965f6 elementor-widget elementor-widget-image\" data-id=\"0a965f6\" data-element_type=\"widget\" data-widget_type=\"image.default\">\n\t\t\t\t<div class=\"elementor-widget-container\">\n\t\t\t\t\t\t\t\t\t\t\t\t\t\t\t\t<a href=\"https:\/\/augustinqueval.com\/index.php\/murmure\/\">\n\t\t\t\t\t\t\t<img decoding=\"async\" width=\"960\" height=\"540\" src=\"https:\/\/augustinqueval.com\/wp-content\/uploads\/2022\/10\/Miniature-Murmur-v2-1024x576.png\" class=\"elementor-animation-grow attachment-large size-large wp-image-1668\" alt=\"\" srcset=\"https:\/\/augustinqueval.com\/wp-content\/uploads\/2022\/10\/Miniature-Murmur-v2-1024x576.png 1024w, https:\/\/augustinqueval.com\/wp-content\/uploads\/2022\/10\/Miniature-Murmur-v2-300x169.png 300w, https:\/\/augustinqueval.com\/wp-content\/uploads\/2022\/10\/Miniature-Murmur-v2-768x432.png 768w, https:\/\/augustinqueval.com\/wp-content\/uploads\/2022\/10\/Miniature-Murmur-v2-1536x864.png 1536w, https:\/\/augustinqueval.com\/wp-content\/uploads\/2022\/10\/Miniature-Murmur-v2-1140x641.png 1140w, https:\/\/augustinqueval.com\/wp-content\/uploads\/2022\/10\/Miniature-Murmur-v2.png 1920w\" sizes=\"(max-width: 960px) 100vw, 960px\" \/>\t\t\t\t\t\t\t\t<\/a>\n\t\t\t\t\t\t\t\t\t\t\t\t\t\t\t<\/div>\n\t\t\t\t<\/div>\n\t\t\t\t<div class=\"elementor-element elementor-element-3886888 elementor-widget elementor-widget-heading\" data-id=\"3886888\" data-element_type=\"widget\" data-widget_type=\"heading.default\">\n\t\t\t\t<div class=\"elementor-widget-container\">\n\t\t\t\t\t<h2 class=\"elementor-heading-title elementor-size-medium\">Le Murmure du Son | Festival<\/h2>\t\t\t\t<\/div>\n\t\t\t\t<\/div>\n\t\t\t\t<div class=\"elementor-element elementor-element-af49a84 elementor-widget elementor-widget-text-editor\" data-id=\"af49a84\" data-element_type=\"widget\" data-widget_type=\"text-editor.default\">\n\t\t\t\t<div class=\"elementor-widget-container\">\n\t\t\t\t\t\t\t\t\t<p>Photos<\/p>\t\t\t\t\t\t\t\t<\/div>\n\t\t\t\t<\/div>\n\t\t\t\t\t<\/div>\n\t\t<\/div>\n\t\t\t\t<div class=\"elementor-column elementor-col-33 elementor-top-column elementor-element elementor-element-ebad17b\" data-id=\"ebad17b\" data-element_type=\"column\">\n\t\t\t<div class=\"elementor-widget-wrap elementor-element-populated\">\n\t\t\t\t\t\t<div class=\"elementor-element elementor-element-38ff679 elementor-widget elementor-widget-image\" data-id=\"38ff679\" data-element_type=\"widget\" data-widget_type=\"image.default\">\n\t\t\t\t<div class=\"elementor-widget-container\">\n\t\t\t\t\t\t\t\t\t\t\t\t\t\t\t\t<a href=\"https:\/\/augustinqueval.com\/index.php\/chrtiman\/\">\n\t\t\t\t\t\t\t<img decoding=\"async\" width=\"960\" height=\"540\" src=\"https:\/\/augustinqueval.com\/wp-content\/uploads\/2024\/08\/vlcsnap-2023-12-03-15h45m01s742_1.78.1-1024x576.png\" class=\"elementor-animation-grow attachment-large size-large wp-image-3520\" alt=\"\" srcset=\"https:\/\/augustinqueval.com\/wp-content\/uploads\/2024\/08\/vlcsnap-2023-12-03-15h45m01s742_1.78.1-1024x576.png 1024w, https:\/\/augustinqueval.com\/wp-content\/uploads\/2024\/08\/vlcsnap-2023-12-03-15h45m01s742_1.78.1-300x169.png 300w, https:\/\/augustinqueval.com\/wp-content\/uploads\/2024\/08\/vlcsnap-2023-12-03-15h45m01s742_1.78.1-768x432.png 768w, https:\/\/augustinqueval.com\/wp-content\/uploads\/2024\/08\/vlcsnap-2023-12-03-15h45m01s742_1.78.1-1536x864.png 1536w, https:\/\/augustinqueval.com\/wp-content\/uploads\/2024\/08\/vlcsnap-2023-12-03-15h45m01s742_1.78.1-1140x641.png 1140w, https:\/\/augustinqueval.com\/wp-content\/uploads\/2024\/08\/vlcsnap-2023-12-03-15h45m01s742_1.78.1.png 1920w\" sizes=\"(max-width: 960px) 100vw, 960px\" \/>\t\t\t\t\t\t\t\t<\/a>\n\t\t\t\t\t\t\t\t\t\t\t\t\t\t\t<\/div>\n\t\t\t\t<\/div>\n\t\t\t\t<div class=\"elementor-element elementor-element-a4eeb7c elementor-widget elementor-widget-heading\" data-id=\"a4eeb7c\" data-element_type=\"widget\" data-widget_type=\"heading.default\">\n\t\t\t\t<div class=\"elementor-widget-container\">\n\t\t\t\t\t<h2 class=\"elementor-heading-title elementor-size-medium\">Chtriman 2024 | Triathlon<\/h2>\t\t\t\t<\/div>\n\t\t\t\t<\/div>\n\t\t\t\t<div class=\"elementor-element elementor-element-259a86b elementor-widget elementor-widget-text-editor\" data-id=\"259a86b\" data-element_type=\"widget\" data-widget_type=\"text-editor.default\">\n\t\t\t\t<div class=\"elementor-widget-container\">\n\t\t\t\t\t\t\t\t\t<p>Cadrage \/ Montage<\/p>\t\t\t\t\t\t\t\t<\/div>\n\t\t\t\t<\/div>\n\t\t\t\t<div class=\"elementor-element elementor-element-da5c7fb elementor-widget elementor-widget-spacer\" data-id=\"da5c7fb\" data-element_type=\"widget\" data-widget_type=\"spacer.default\">\n\t\t\t\t<div class=\"elementor-widget-container\">\n\t\t\t\t\t\t\t<div class=\"elementor-spacer\">\n\t\t\t<div class=\"elementor-spacer-inner\"><\/div>\n\t\t<\/div>\n\t\t\t\t\t\t<\/div>\n\t\t\t\t<\/div>\n\t\t\t\t\t<\/div>\n\t\t<\/div>\n\t\t\t\t<div class=\"elementor-column elementor-col-33 elementor-top-column elementor-element elementor-element-b4fdb42\" data-id=\"b4fdb42\" data-element_type=\"column\">\n\t\t\t<div class=\"elementor-widget-wrap elementor-element-populated\">\n\t\t\t\t\t\t<div class=\"elementor-element elementor-element-6bc9f8e elementor-widget elementor-widget-image\" data-id=\"6bc9f8e\" data-element_type=\"widget\" data-widget_type=\"image.default\">\n\t\t\t\t<div class=\"elementor-widget-container\">\n\t\t\t\t\t\t\t\t\t\t\t\t\t\t\t\t<a href=\"https:\/\/augustinqueval.com\/index.php\/abbaye-3\/\">\n\t\t\t\t\t\t\t<img loading=\"lazy\" decoding=\"async\" width=\"960\" height=\"540\" src=\"https:\/\/augustinqueval.com\/wp-content\/uploads\/2024\/08\/Abbaye-1-1024x576.webp\" class=\"elementor-animation-grow attachment-large size-large wp-image-2479\" alt=\"\" srcset=\"https:\/\/augustinqueval.com\/wp-content\/uploads\/2024\/08\/Abbaye-1-1024x576.webp 1024w, https:\/\/augustinqueval.com\/wp-content\/uploads\/2024\/08\/Abbaye-1-300x169.webp 300w, https:\/\/augustinqueval.com\/wp-content\/uploads\/2024\/08\/Abbaye-1-768x432.webp 768w, https:\/\/augustinqueval.com\/wp-content\/uploads\/2024\/08\/Abbaye-1-1140x641.webp 1140w, https:\/\/augustinqueval.com\/wp-content\/uploads\/2024\/08\/Abbaye-1.webp 1280w\" sizes=\"(max-width: 960px) 100vw, 960px\" \/>\t\t\t\t\t\t\t\t<\/a>\n\t\t\t\t\t\t\t\t\t\t\t\t\t\t\t<\/div>\n\t\t\t\t<\/div>\n\t\t\t\t<div class=\"elementor-element elementor-element-3629010 elementor-widget elementor-widget-heading\" data-id=\"3629010\" data-element_type=\"widget\" data-widget_type=\"heading.default\">\n\t\t\t\t<div class=\"elementor-widget-container\">\n\t\t\t\t\t<h2 class=\"elementor-heading-title elementor-size-medium\">Abbaye | Documenaire<\/h2>\t\t\t\t<\/div>\n\t\t\t\t<\/div>\n\t\t\t\t<div class=\"elementor-element elementor-element-b0361cb elementor-widget elementor-widget-text-editor\" data-id=\"b0361cb\" data-element_type=\"widget\" data-widget_type=\"text-editor.default\">\n\t\t\t\t<div class=\"elementor-widget-container\">\n\t\t\t\t\t\t\t\t\t<p>\u00c9criture \/ Cadrage \/ Montage<\/p>\t\t\t\t\t\t\t\t<\/div>\n\t\t\t\t<\/div>\n\t\t\t\t\t<\/div>\n\t\t<\/div>\n\t\t\t\t\t<\/div>\n\t\t<\/section>\n\t\t\t\t<\/div>\n\t\t","protected":false},"excerpt":{"rendered":"<p>Seine Rose 2024 | Vid\u00e9o Cadrage \/ Montage \/ Vid\u00e9o Seine rose est une course organis\u00e9e dans le cadre de la lutte contre le cancer du seins. Cette premi\u00e8re \u00e9dition c&rsquo;est d\u00e9roul\u00e9 sur les quais de Rouen. L&rsquo;occasion pour moi de mettre services au service d&rsquo;une cause qui m\u00e9rite de la visibilit\u00e9.\u00a0 Le Murmure du Son | Festival Photos Chtriman 2024 | Triathlon Cadrage \/ Montage Abbaye | Documenaire \u00c9criture \/ Cadrage \/ Montage<\/p>\n","protected":false},"author":1,"featured_media":0,"parent":0,"menu_order":0,"comment_status":"closed","ping_status":"closed","template":"elementor_header_footer","meta":{"footnotes":""},"class_list":["post-2757","page","type-page","status-publish","hentry"],"_links":{"self":[{"href":"https:\/\/augustinqueval.com\/index.php\/wp-json\/wp\/v2\/pages\/2757"}],"collection":[{"href":"https:\/\/augustinqueval.com\/index.php\/wp-json\/wp\/v2\/pages"}],"about":[{"href":"https:\/\/augustinqueval.com\/index.php\/wp-json\/wp\/v2\/types\/page"}],"author":[{"embeddable":true,"href":"https:\/\/augustinqueval.com\/index.php\/wp-json\/wp\/v2\/users\/1"}],"replies":[{"embeddable":true,"href":"https:\/\/augustinqueval.com\/index.php\/wp-json\/wp\/v2\/comments?post=2757"}],"version-history":[{"count":41,"href":"https:\/\/augustinqueval.com\/index.php\/wp-json\/wp\/v2\/pages\/2757\/revisions"}],"predecessor-version":[{"id":3652,"href":"https:\/\/augustinqueval.com\/index.php\/wp-json\/wp\/v2\/pages\/2757\/revisions\/3652"}],"wp:attachment":[{"href":"https:\/\/augustinqueval.com\/index.php\/wp-json\/wp\/v2\/media?parent=2757"}],"curies":[{"name":"wp","href":"https:\/\/api.w.org\/{rel}","templated":true}]}}